{"id":10227,"date":"2024-02-16T11:51:50","date_gmt":"2024-02-16T11:51:50","guid":{"rendered":"https:\/\/www.domeantwerp.be\/home-new\/"},"modified":"2025-12-22T08:23:40","modified_gmt":"2025-12-22T08:23:40","slug":"home-new","status":"publish","type":"page","link":"https:\/\/www.domeantwerp.be\/fr\/","title":{"rendered":"Home New"},"content":{"rendered":"\t\t<div data-elementor-type=\"wp-page\" data-elementor-id=\"10227\" class=\"elementor elementor-10227\">\n\t\t\t\t<div class=\"elementor-element elementor-element-76869aa e-con-full e-flex e-con e-parent\" data-id=\"76869aa\" data-element_type=\"container\" data-settings=\"{&quot;content_width&quot;:&quot;full&quot;,&quot;background_background&quot;:&quot;video&quot;,&quot;background_video_start&quot;:0,&quot;background_video_end&quot;:0,&quot;background_play_on_mobile&quot;:&quot;yes&quot;}\" data-core-v316-plus=\"true\">\n\t\t\t\t<div class=\"elementor-element elementor-element-86b6a0d titre-home elementor-widget elementor-widget-heading\" data-id=\"86b6a0d\" data-element_type=\"widget\" id=\"titre-home-h1\" data-widget_type=\"heading.default\">\n\t\t\t\t<div class=\"elementor-widget-container\">\n\t\t\t<style>\/*! elementor - v3.19.0 - 07-02-2024 *\/\n.elementor-heading-title{padding:0;margin:0;line-height:1}.elementor-widget-heading .elementor-heading-title[class*=elementor-size-]>a{color:inherit;font-size:inherit;line-height:inherit}.elementor-widget-heading .elementor-heading-title.elementor-size-small{font-size:15px}.elementor-widget-heading .elementor-heading-title.elementor-size-medium{font-size:19px}.elementor-widget-heading .elementor-heading-title.elementor-size-large{font-size:29px}.elementor-widget-heading .elementor-heading-title.elementor-size-xl{font-size:39px}.elementor-widget-heading .elementor-heading-title.elementor-size-xxl{font-size:59px}<\/style><h1 class=\"elementor-heading-title elementor-size-default\">La Brasserie du D\u00f4me,<\/h1>\t\t<\/div>\n\t\t\t\t<\/div>\n\t\t\t\t<div class=\"elementor-element elementor-element-87f23ae elementor-widget elementor-widget-heading\" data-id=\"87f23ae\" data-element_type=\"widget\" id=\"titre-home-h1\" data-widget_type=\"heading.default\">\n\t\t\t\t<div class=\"elementor-widget-container\">\n\t\t\t<h2 class=\"elementor-heading-title elementor-size-default\">d\u00e9bordante d\u2019\u00e2me parisienne.<\/h2>\t\t<\/div>\n\t\t\t\t<\/div>\n\t\t\t\t<\/div>\n\t\t<div class=\"elementor-element elementor-element-7f5175a e-con-full e-flex e-con e-parent\" data-id=\"7f5175a\" data-element_type=\"container\" data-settings=\"{&quot;content_width&quot;:&quot;full&quot;}\" data-core-v316-plus=\"true\">\n\t\t<div class=\"elementor-element elementor-element-3e7b8c2 e-con-full e-flex e-con e-child\" data-id=\"3e7b8c2\" data-element_type=\"container\" data-settings=\"{&quot;content_width&quot;:&quot;full&quot;}\">\n\t\t\t\t<div class=\"elementor-element elementor-element-2e31d12 elementor-widget elementor-widget-heading\" data-id=\"2e31d12\" data-element_type=\"widget\" id=\"titre-home-h2\" data-widget_type=\"heading.default\">\n\t\t\t\t<div class=\"elementor-widget-container\">\n\t\t\t<h2 class=\"elementor-heading-title elementor-size-default\">Notre gastronomie, <span style=\"color:#990010\">un travail d'\u00e9quipe dans un lieu unique<\/span> au c\u0153ur d\u2019Anvers<\/h2>\t\t<\/div>\n\t\t\t\t<\/div>\n\t\t\t\t<div class=\"elementor-element elementor-element-7214433 elementor-widget elementor-widget-text-editor\" data-id=\"7214433\" data-element_type=\"widget\" data-widget_type=\"text-editor.default\">\n\t\t\t\t<div class=\"elementor-widget-container\">\n\t\t\t<style>\/*! elementor - v3.19.0 - 07-02-2024 *\/\n.elementor-widget-text-editor.elementor-drop-cap-view-stacked .elementor-drop-cap{background-color:#69727d;color:#fff}.elementor-widget-text-editor.elementor-drop-cap-view-framed .elementor-drop-cap{color:#69727d;border:3px solid;background-color:transparent}.elementor-widget-text-editor:not(.elementor-drop-cap-view-default) .elementor-drop-cap{margin-top:8px}.elementor-widget-text-editor:not(.elementor-drop-cap-view-default) .elementor-drop-cap-letter{width:1em;height:1em}.elementor-widget-text-editor .elementor-drop-cap{float:left;text-align:center;line-height:1;font-size:50px}.elementor-widget-text-editor .elementor-drop-cap-letter{display:inline-block}<\/style>\t\t\t\t<p data-start=\"161\" data-end=\"592\">Au c\u0153ur de la majestueuse rotonde du D\u00f4me, \u00e9rig\u00e9e en 1893, Fr\u00e9d\u00e9ric et Evangeline Chabbert, vous invitent \u00e0 d\u00e9couvrir l\u2019\u00e2me d\u2019une v\u00e9ritable brasserie parisienne.<\/p><p data-start=\"161\" data-end=\"592\">Un lieu de g\u00e9n\u00e9rosit\u00e9 et de raffinement, o\u00f9 le tintement des verres se m\u00eale aux effluves de plats intemporels, et o\u00f9 chaque occasion, qu\u2019elle soit partag\u00e9e entre amis, en famille, ou c\u00e9l\u00e9br\u00e9e en grand, devient inoubliable.<\/p>\t\t\t\t\t\t<\/div>\n\t\t\t\t<\/div>\n\t\t\t\t<div class=\"elementor-element elementor-element-bf0155c elementor-align-left elementor-widget elementor-widget-button\" data-id=\"bf0155c\" data-element_type=\"widget\" data-widget_type=\"button.default\">\n\t\t\t\t<div class=\"elementor-widget-container\">\n\t\t\t\t\t<div class=\"elementor-button-wrapper\">\n\t\t\t<a class=\"elementor-button elementor-button-link elementor-size-sm\" href=\"https:\/\/www.domeantwerp.be\/fr\/dome-est-un-restaurant-etoile-situe-dans-un-batiment-historique-a-anvers\/\">\n\t\t\t\t\t\t<span class=\"elementor-button-content-wrapper\">\n\t\t\t\t\t\t<span class=\"elementor-button-text\">En savoir plus<\/span>\n\t\t<\/span>\n\t\t\t\t\t<\/a>\n\t\t<\/div>\n\t\t\t\t<\/div>\n\t\t\t\t<\/div>\n\t\t\t\t<\/div>\n\t\t<div class=\"elementor-element elementor-element-5cb5003 e-con-full e-flex e-con e-child\" data-id=\"5cb5003\" data-element_type=\"container\" data-settings=\"{&quot;content_width&quot;:&quot;full&quot;,&quot;background_background&quot;:&quot;classic&quot;}\">\n\t\t\t\t<\/div>\n\t\t\t\t<\/div>\n\t\t<div class=\"elementor-element elementor-element-490cc39 e-con-full e-flex e-con e-parent\" data-id=\"490cc39\" data-element_type=\"container\" data-settings=\"{&quot;content_width&quot;:&quot;full&quot;}\" data-core-v316-plus=\"true\">\n\t\t<div class=\"elementor-element elementor-element-dee083c e-con-full e-flex e-con e-child\" data-id=\"dee083c\" data-element_type=\"container\" data-settings=\"{&quot;content_width&quot;:&quot;full&quot;,&quot;background_background&quot;:&quot;classic&quot;}\">\n\t\t\t\t<\/div>\n\t\t<div class=\"elementor-element elementor-element-a9a1544 e-con-full e-flex e-con e-child\" data-id=\"a9a1544\" data-element_type=\"container\" data-settings=\"{&quot;content_width&quot;:&quot;full&quot;}\">\n\t\t\t\t<div class=\"elementor-element elementor-element-abdfb09 elementor-widget elementor-widget-heading\" data-id=\"abdfb09\" data-element_type=\"widget\" id=\"titre-home-h2\" data-widget_type=\"heading.default\">\n\t\t\t\t<div class=\"elementor-widget-container\">\n\t\t\t<h2 class=\"elementor-heading-title elementor-size-default\">G\u00e9n\u00e9reuse <br><span style=\"color:#990010\">Savoureuse<\/span><br>R\u00e9confortante<\/h2>\t\t<\/div>\n\t\t\t\t<\/div>\n\t\t\t\t<div class=\"elementor-element elementor-element-51e264a elementor-widget elementor-widget-text-editor\" data-id=\"51e264a\" data-element_type=\"widget\" data-widget_type=\"text-editor.default\">\n\t\t\t\t<div class=\"elementor-widget-container\">\n\t\t\t\t\t\t\t<p>Drap\u00e9e d&rsquo;une apparente simplicit\u00e9, notre cuisine s&rsquo;exprime d&rsquo;elle-m\u00eame, sans artifices superflus,&nbsp;<span style=\"font-size: 17px\">enracin\u00e9e dans un savoir-faire intemporel mais ouverte aux techniques modernes.&nbsp;<\/span><\/p><p><span style=\"font-size: 17px\">C\u2019est une cuisine qui \u00e9veille \u00e0 la fois l\u2019app\u00e9tit et la nostalgie, sans se laisser enfermer dans un pass\u00e9 id\u00e9alis\u00e9.&nbsp;<\/span><\/p><p><span style=\"font-size: 17px\">Ici, la lenteur et la patience de la cuisson remplacent la pr\u00e9cipitation du moment, et des techniques oubli\u00e9es renaissent avec une ma\u00eetrise contemporaine.<\/span><\/p>\t\t\t\t\t\t<\/div>\n\t\t\t\t<\/div>\n\t\t\t\t<div class=\"elementor-element elementor-element-6a327d2 elementor-align-left elementor-widget elementor-widget-button\" data-id=\"6a327d2\" data-element_type=\"widget\" data-widget_type=\"button.default\">\n\t\t\t\t<div class=\"elementor-widget-container\">\n\t\t\t\t\t<div class=\"elementor-button-wrapper\">\n\t\t\t<a class=\"elementor-button elementor-button-link elementor-size-sm\" href=\"https:\/\/www.domeantwerp.be\/wp-content\/uploads\/2025\/11\/MENU-SITE-FR.pdf\" target=\"_blank\">\n\t\t\t\t\t\t<span class=\"elementor-button-content-wrapper\">\n\t\t\t\t\t\t<span class=\"elementor-button-text\">D\u00e9couvrir notre carte<\/span>\n\t\t<\/span>\n\t\t\t\t\t<\/a>\n\t\t<\/div>\n\t\t\t\t<\/div>\n\t\t\t\t<\/div>\n\t\t\t\t<\/div>\n\t\t\t\t<\/div>\n\t\t\t\t<\/div>\n\t\t","protected":false},"excerpt":{"rendered":"<p>La Brasserie du D\u00f4me, d\u00e9bordante d\u2019\u00e2me parisienne. Notre gastronomie, un travail d&rsquo;\u00e9quipe dans un lieu unique au c\u0153ur d\u2019Anvers Au c\u0153ur de la majestueuse rotonde du D\u00f4me, \u00e9rig\u00e9e en 1893, Fr\u00e9d\u00e9ric et Evangeline Chabbert, vous invitent \u00e0 d\u00e9couvrir l\u2019\u00e2me d\u2019une v\u00e9ritable brasserie parisienne. Un lieu de g\u00e9n\u00e9rosit\u00e9 et de raffinement, o\u00f9 le tintement des verres [&hellip;]<\/p>\n","protected":false},"author":1,"featured_media":0,"parent":0,"menu_order":0,"comment_status":"closed","ping_status":"closed","template":"elementor_header_footer","meta":[],"yoast_head":"<!-- This site is optimized with the Yoast SEO Premium plugin v20.13 (Yoast SEO v20.13) - https:\/\/yoast.com\/wordpress\/plugins\/seo\/ -->\n<title>La Brasserie du D\u00f4me - Zurenborg, Anvers<\/title>\n<meta name=\"description\" content=\"Un lieu de g\u00e9n\u00e9rosit\u00e9 et de raffinement, d\u00e9bordant d\u2019\u00e2me parisienne, o\u00f9 le tintement des verres se m\u00eale aux effluves de plats intemporels.\" \/>\n<meta name=\"robots\" content=\"index, follow, max-snippet:-1, max-image-preview:large, max-video-preview:-1\" \/>\n<link rel=\"canonical\" href=\"https:\/\/www.domeantwerp.be\/fr\/\" \/>\n<meta property=\"og:locale\" content=\"fr_FR\" \/>\n<meta property=\"og:type\" content=\"article\" \/>\n<meta property=\"og:title\" content=\"Home New\" \/>\n<meta property=\"og:description\" content=\"Un lieu de g\u00e9n\u00e9rosit\u00e9 et de raffinement, d\u00e9bordant d\u2019\u00e2me parisienne, o\u00f9 le tintement des verres se m\u00eale aux effluves de plats intemporels.\" \/>\n<meta property=\"og:url\" content=\"https:\/\/www.domeantwerp.be\/fr\/\" \/>\n<meta property=\"og:site_name\" content=\"Restaurant La Brasserie du D\u00f4me - Antwerpen\" \/>\n<meta property=\"article:publisher\" content=\"https:\/\/www.facebook.com\/domeantwerp\" \/>\n<meta property=\"article:modified_time\" content=\"2025-12-22T08:23:40+00:00\" \/>\n<meta name=\"twitter:card\" content=\"summary_large_image\" \/>\n<meta name=\"twitter:label1\" content=\"Dur\u00e9e de lecture estim\u00e9e\" \/>\n\t<meta name=\"twitter:data1\" content=\"1 minute\" \/>\n<script type=\"application\/ld+json\" class=\"yoast-schema-graph\">{\"@context\":\"https:\/\/schema.org\",\"@graph\":[{\"@type\":\"WebPage\",\"@id\":\"https:\/\/www.domeantwerp.be\/fr\/\",\"url\":\"https:\/\/www.domeantwerp.be\/fr\/\",\"name\":\"La Brasserie du D\u00f4me - Zurenborg, Anvers\",\"isPartOf\":{\"@id\":\"https:\/\/www.domeantwerp.be\/#website\"},\"datePublished\":\"2024-02-16T11:51:50+00:00\",\"dateModified\":\"2025-12-22T08:23:40+00:00\",\"description\":\"Un lieu de g\u00e9n\u00e9rosit\u00e9 et de raffinement, d\u00e9bordant d\u2019\u00e2me parisienne, o\u00f9 le tintement des verres se m\u00eale aux effluves de plats intemporels.\",\"breadcrumb\":{\"@id\":\"https:\/\/www.domeantwerp.be\/fr\/#breadcrumb\"},\"inLanguage\":\"fr-FR\",\"potentialAction\":[{\"@type\":\"ReadAction\",\"target\":[\"https:\/\/www.domeantwerp.be\/fr\/\"]}]},{\"@type\":\"BreadcrumbList\",\"@id\":\"https:\/\/www.domeantwerp.be\/fr\/#breadcrumb\",\"itemListElement\":[{\"@type\":\"ListItem\",\"position\":1,\"name\":\"Home\",\"item\":\"https:\/\/www.domeantwerp.be\/fr\/\"},{\"@type\":\"ListItem\",\"position\":2,\"name\":\"Home New\"}]},{\"@type\":\"WebSite\",\"@id\":\"https:\/\/www.domeantwerp.be\/#website\",\"url\":\"https:\/\/www.domeantwerp.be\/\",\"name\":\"Restaurant La Brasserie du D\u00f4me - Antwerpen\",\"description\":\"\",\"publisher\":{\"@id\":\"https:\/\/www.domeantwerp.be\/#organization\"},\"potentialAction\":[{\"@type\":\"SearchAction\",\"target\":{\"@type\":\"EntryPoint\",\"urlTemplate\":\"https:\/\/www.domeantwerp.be\/?s={search_term_string}\"},\"query-input\":\"required name=search_term_string\"}],\"inLanguage\":\"fr-FR\"},{\"@type\":\"Organization\",\"@id\":\"https:\/\/www.domeantwerp.be\/#organization\",\"name\":\"Restaurant D\u00f4me\",\"alternateName\":\"DOME BVBA\",\"url\":\"https:\/\/www.domeantwerp.be\/\",\"logo\":{\"@type\":\"ImageObject\",\"inLanguage\":\"fr-FR\",\"@id\":\"https:\/\/www.domeantwerp.be\/#\/schema\/logo\/image\/\",\"url\":\"https:\/\/www.domeantwerp.be\/wp-content\/uploads\/2023\/03\/logo_dome_2017.jpg\",\"contentUrl\":\"https:\/\/www.domeantwerp.be\/wp-content\/uploads\/2023\/03\/logo_dome_2017.jpg\",\"width\":1228,\"height\":1228,\"caption\":\"Restaurant D\u00f4me\"},\"image\":{\"@id\":\"https:\/\/www.domeantwerp.be\/#\/schema\/logo\/image\/\"},\"sameAs\":[\"https:\/\/www.facebook.com\/domeantwerp\",\"https:\/\/www.instagram.com\/dome_antwerp\"]}]}<\/script>\n<!-- \/ Yoast SEO Premium plugin. -->","yoast_head_json":{"title":"La Brasserie du D\u00f4me - Zurenborg, Anvers","description":"Un lieu de g\u00e9n\u00e9rosit\u00e9 et de raffinement, d\u00e9bordant d\u2019\u00e2me parisienne, o\u00f9 le tintement des verres se m\u00eale aux effluves de plats intemporels.","robots":{"index":"index","follow":"follow","max-snippet":"max-snippet:-1","max-image-preview":"max-image-preview:large","max-video-preview":"max-video-preview:-1"},"canonical":"https:\/\/www.domeantwerp.be\/fr\/","og_locale":"fr_FR","og_type":"article","og_title":"Home New","og_description":"Un lieu de g\u00e9n\u00e9rosit\u00e9 et de raffinement, d\u00e9bordant d\u2019\u00e2me parisienne, o\u00f9 le tintement des verres se m\u00eale aux effluves de plats intemporels.","og_url":"https:\/\/www.domeantwerp.be\/fr\/","og_site_name":"Restaurant La Brasserie du D\u00f4me - Antwerpen","article_publisher":"https:\/\/www.facebook.com\/domeantwerp","article_modified_time":"2025-12-22T08:23:40+00:00","twitter_card":"summary_large_image","twitter_misc":{"Dur\u00e9e de lecture estim\u00e9e":"1 minute"},"schema":{"@context":"https:\/\/schema.org","@graph":[{"@type":"WebPage","@id":"https:\/\/www.domeantwerp.be\/fr\/","url":"https:\/\/www.domeantwerp.be\/fr\/","name":"La Brasserie du D\u00f4me - Zurenborg, Anvers","isPartOf":{"@id":"https:\/\/www.domeantwerp.be\/#website"},"datePublished":"2024-02-16T11:51:50+00:00","dateModified":"2025-12-22T08:23:40+00:00","description":"Un lieu de g\u00e9n\u00e9rosit\u00e9 et de raffinement, d\u00e9bordant d\u2019\u00e2me parisienne, o\u00f9 le tintement des verres se m\u00eale aux effluves de plats intemporels.","breadcrumb":{"@id":"https:\/\/www.domeantwerp.be\/fr\/#breadcrumb"},"inLanguage":"fr-FR","potentialAction":[{"@type":"ReadAction","target":["https:\/\/www.domeantwerp.be\/fr\/"]}]},{"@type":"BreadcrumbList","@id":"https:\/\/www.domeantwerp.be\/fr\/#breadcrumb","itemListElement":[{"@type":"ListItem","position":1,"name":"Home","item":"https:\/\/www.domeantwerp.be\/fr\/"},{"@type":"ListItem","position":2,"name":"Home New"}]},{"@type":"WebSite","@id":"https:\/\/www.domeantwerp.be\/#website","url":"https:\/\/www.domeantwerp.be\/","name":"Restaurant La Brasserie du D\u00f4me - Antwerpen","description":"","publisher":{"@id":"https:\/\/www.domeantwerp.be\/#organization"},"potentialAction":[{"@type":"SearchAction","target":{"@type":"EntryPoint","urlTemplate":"https:\/\/www.domeantwerp.be\/?s={search_term_string}"},"query-input":"required name=search_term_string"}],"inLanguage":"fr-FR"},{"@type":"Organization","@id":"https:\/\/www.domeantwerp.be\/#organization","name":"Restaurant D\u00f4me","alternateName":"DOME BVBA","url":"https:\/\/www.domeantwerp.be\/","logo":{"@type":"ImageObject","inLanguage":"fr-FR","@id":"https:\/\/www.domeantwerp.be\/#\/schema\/logo\/image\/","url":"https:\/\/www.domeantwerp.be\/wp-content\/uploads\/2023\/03\/logo_dome_2017.jpg","contentUrl":"https:\/\/www.domeantwerp.be\/wp-content\/uploads\/2023\/03\/logo_dome_2017.jpg","width":1228,"height":1228,"caption":"Restaurant D\u00f4me"},"image":{"@id":"https:\/\/www.domeantwerp.be\/#\/schema\/logo\/image\/"},"sameAs":["https:\/\/www.facebook.com\/domeantwerp","https:\/\/www.instagram.com\/dome_antwerp"]}]}},"_links":{"self":[{"href":"https:\/\/www.domeantwerp.be\/fr\/wp-json\/wp\/v2\/pages\/10227"}],"collection":[{"href":"https:\/\/www.domeantwerp.be\/fr\/wp-json\/wp\/v2\/pages"}],"about":[{"href":"https:\/\/www.domeantwerp.be\/fr\/wp-json\/wp\/v2\/types\/page"}],"author":[{"embeddable":true,"href":"https:\/\/www.domeantwerp.be\/fr\/wp-json\/wp\/v2\/users\/1"}],"replies":[{"embeddable":true,"href":"https:\/\/www.domeantwerp.be\/fr\/wp-json\/wp\/v2\/comments?post=10227"}],"version-history":[{"count":32,"href":"https:\/\/www.domeantwerp.be\/fr\/wp-json\/wp\/v2\/pages\/10227\/revisions"}],"predecessor-version":[{"id":11133,"href":"https:\/\/www.domeantwerp.be\/fr\/wp-json\/wp\/v2\/pages\/10227\/revisions\/11133"}],"wp:attachment":[{"href":"https:\/\/www.domeantwerp.be\/fr\/wp-json\/wp\/v2\/media?parent=10227"}],"curies":[{"name":"wp","href":"https:\/\/api.w.org\/{rel}","templated":true}]}}